{"id":1095,"date":"2024-10-01T15:37:26","date_gmt":"2024-10-01T15:37:26","guid":{"rendered":"https:\/\/tydee.com.co\/?page_id=1095"},"modified":"2025-11-04T18:14:51","modified_gmt":"2025-11-04T18:14:51","slug":"contacto","status":"publish","type":"page","link":"https:\/\/tydee.com.co\/index.php\/contacto\/","title":{"rendered":"Contacto."},"content":{"rendered":"\t\t<div data-elementor-type=\"wp-page\" data-elementor-id=\"1095\" class=\"elementor elementor-1095\">\n\t\t\t\t<div class=\"elementor-element elementor-element-288ed4b e-flex e-con-boxed e-con e-parent\" data-id=\"288ed4b\" data-element_type=\"container\">\n\t\t\t\t\t<div class=\"e-con-inner\">\n\t\t\t\t<div class=\"elementor-element elementor-element-a225d75 elementor-widget elementor-widget-heading\" data-id=\"a225d75\" data-element_type=\"widget\" data-widget_type=\"heading.default\">\n\t\t\t\t<div class=\"elementor-widget-container\">\n\t\t\t<h1 class=\"elementor-heading-title elementor-size-default\">CONT\u00c1CTANOS<\/h1>\t\t<\/div>\n\t\t\t\t<\/div>\n\t\t\t\t\t<\/div>\n\t\t\t\t<\/div>\n\t\t<div class=\"elementor-element elementor-element-78981a3 e-flex e-con-boxed e-con e-parent\" data-id=\"78981a3\" data-element_type=\"container\">\n\t\t\t\t\t<div class=\"e-con-inner\">\n\t\t\t\t<div class=\"elementor-element elementor-element-c34c63c elementor-widget elementor-widget-text-editor\" data-id=\"c34c63c\" data-element_type=\"widget\" data-widget_type=\"text-editor.default\">\n\t\t\t\t<div class=\"elementor-widget-container\">\n\t\t\t\t\t\t\t<p><b>\u00bfListos para exportar con respaldo legal?<br \/><\/b>Cu\u00e9ntanos Sobre tu empresa o producto y te ayudaremos a identificar los requisitos aduaneros y cambiarios que necesitas cumplir.<\/p><p>\u00a0<\/p>\t\t\t\t\t\t<\/div>\n\t\t\t\t<\/div>\n\t\t\t\t\t<\/div>\n\t\t\t\t<\/div>\n\t\t<div class=\"elementor-element elementor-element-d834112 e-flex e-con-boxed e-con e-parent\" data-id=\"d834112\" data-element_type=\"container\">\n\t\t\t\t\t<div class=\"e-con-inner\">\n\t\t<div class=\"elementor-element elementor-element-39c95d7 e-con-full e-flex e-con e-child\" data-id=\"39c95d7\" data-element_type=\"container\">\n\t\t\t\t<div class=\"elementor-element elementor-element-b359053 elementor-widget-divider--view-line elementor-widget elementor-widget-divider\" data-id=\"b359053\" data-element_type=\"widget\" data-widget_type=\"divider.default\">\n\t\t\t\t<div class=\"elementor-widget-container\">\n\t\t\t\t\t<div class=\"elementor-divider\">\n\t\t\t<span class=\"elementor-divider-separator\">\n\t\t\t\t\t\t<\/span>\n\t\t<\/div>\n\t\t\t\t<\/div>\n\t\t\t\t<\/div>\n\t\t\t\t<\/div>\n\t\t<div class=\"elementor-element elementor-element-8f0324d e-con-full e-flex e-con e-child\" data-id=\"8f0324d\" data-element_type=\"container\">\n\t\t\t\t<div class=\"elementor-element elementor-element-738acc7 elementor-widget elementor-widget-image\" data-id=\"738acc7\" data-element_type=\"widget\" data-widget_type=\"image.default\">\n\t\t\t\t<div class=\"elementor-widget-container\">\n\t\t\t\t\t\t\t\t\t\t\t\t\t<img decoding=\"async\" width=\"150\" height=\"150\" src=\"https:\/\/tydee.com.co\/wp-content\/uploads\/2024\/08\/legal-document-150x150.png\" class=\"attachment-thumbnail size-thumbnail wp-image-381\" alt=\"\" srcset=\"https:\/\/tydee.com.co\/wp-content\/uploads\/2024\/08\/legal-document-150x150.png 150w, https:\/\/tydee.com.co\/wp-content\/uploads\/2024\/08\/legal-document-300x300.png 300w, https:\/\/tydee.com.co\/wp-content\/uploads\/2024\/08\/legal-document.png 512w\" sizes=\"(max-width: 150px) 100vw, 150px\" \/>\t\t\t\t\t\t\t\t\t\t\t\t\t<\/div>\n\t\t\t\t<\/div>\n\t\t\t\t<\/div>\n\t\t<div class=\"elementor-element elementor-element-0a39717 e-con-full e-flex e-con e-child\" data-id=\"0a39717\" data-element_type=\"container\">\n\t\t\t\t<div class=\"elementor-element elementor-element-7c4b767 elementor-widget-divider--view-line elementor-widget elementor-widget-divider\" data-id=\"7c4b767\" data-element_type=\"widget\" data-widget_type=\"divider.default\">\n\t\t\t\t<div class=\"elementor-widget-container\">\n\t\t\t\t\t<div class=\"elementor-divider\">\n\t\t\t<span class=\"elementor-divider-separator\">\n\t\t\t\t\t\t<\/span>\n\t\t<\/div>\n\t\t\t\t<\/div>\n\t\t\t\t<\/div>\n\t\t\t\t<\/div>\n\t\t\t\t\t<\/div>\n\t\t\t\t<\/div>\n\t\t<div class=\"elementor-element elementor-element-65e8e0f e-con-full e-grid e-con e-parent\" data-id=\"65e8e0f\" data-element_type=\"container\">\n\t\t<div class=\"elementor-element elementor-element-a0f8d7f e-con-full e-flex e-con e-child\" data-id=\"a0f8d7f\" data-element_type=\"container\">\n\t\t\t\t<div class=\"elementor-element elementor-element-fa6b2f2 elementor-widget__width-initial elementor-widget elementor-widget-wpforms\" data-id=\"fa6b2f2\" data-element_type=\"widget\" data-widget_type=\"wpforms.default\">\n\t\t\t\t<div class=\"elementor-widget-container\">\n\t\t\t<style id=\"wpforms-css-vars-elementor-widget-fa6b2f2\">\n\t\t\t\t.elementor-widget-wpforms.elementor-element-fa6b2f2 {\n\t\t\t\t--wpforms-field-background-color: #F8F6F4;\n--wpforms-field-border-color: #904F19;\n--wpforms-field-border-color-spare: #904F19;\n--wpforms-field-text-color: #904F19;\n--wpforms-label-color: #904F19;\n--wpforms-label-sublabel-color: #F19126;\n--wpforms-button-background-color: #F19126;\n--wpforms-button-text-color: #F8F6F4;\n\t\t\t}\n\t\t\t<\/style><div class=\"wpforms-container wpforms-container-full wpforms-render-modern\" id=\"wpforms-1098\"><form id=\"wpforms-form-1098\" class=\"wpforms-validate wpforms-form wpforms-ajax-form\" data-formid=\"1098\" method=\"post\" enctype=\"multipart\/form-data\" action=\"\/index.php\/wp-json\/wp\/v2\/pages\/1095\" data-token=\"f461af9301dda57498057e06066c2a3b\" data-token-time=\"1776591261\"><noscript class=\"wpforms-error-noscript\">Por favor, activa JavaScript en tu navegador para completar este formulario.<\/noscript><div id=\"wpforms-error-noscript\" style=\"display: none;\">Por favor, activa JavaScript en tu navegador para completar este formulario.<\/div><div class=\"wpforms-field-container\">\t\t<div id=\"wpforms-1098-field_4-container\"\n\t\t\tclass=\"wpforms-field wpforms-field-text\"\n\t\t\tdata-field-type=\"text\"\n\t\t\tdata-field-id=\"4\"\n\t\t\t>\n\t\t\t<label class=\"wpforms-field-label\" for=\"wpforms-1098-field_4\" >Comentario electr\u00f3nico Nombre<\/label>\n\t\t\t<input type=\"text\" id=\"wpforms-1098-field_4\" class=\"wpforms-field-medium\" name=\"wpforms[fields][4]\" >\n\t\t<\/div>\n\t\t<div id=\"wpforms-1098-field_1-container\" class=\"wpforms-field wpforms-field-name\" data-field-id=\"1\"><fieldset><legend class=\"wpforms-field-label\">Nombre <span class=\"wpforms-required-label\" aria-hidden=\"true\">*<\/span><\/legend><div class=\"wpforms-field-row wpforms-field-medium\"><div class=\"wpforms-field-row-block wpforms-first wpforms-one-half\"><input type=\"text\" id=\"wpforms-1098-field_1\" class=\"wpforms-field-name-first wpforms-field-required\" name=\"wpforms[fields][1][first]\" aria-errormessage=\"wpforms-1098-field_1-error\" required><label for=\"wpforms-1098-field_1\" class=\"wpforms-field-sublabel after\">Nombre<\/label><\/div><div class=\"wpforms-field-row-block wpforms-one-half\"><input type=\"text\" id=\"wpforms-1098-field_1-last\" class=\"wpforms-field-name-last wpforms-field-required\" name=\"wpforms[fields][1][last]\" aria-errormessage=\"wpforms-1098-field_1-last-error\" required><label for=\"wpforms-1098-field_1-last\" class=\"wpforms-field-sublabel after\">Apellidos<\/label><\/div><\/div><\/fieldset><\/div><div id=\"wpforms-1098-field_2-container\" class=\"wpforms-field wpforms-field-email\" data-field-id=\"2\"><label class=\"wpforms-field-label\" for=\"wpforms-1098-field_2\">Correo electr\u00f3nico <span class=\"wpforms-required-label\" aria-hidden=\"true\">*<\/span><\/label><input type=\"email\" id=\"wpforms-1098-field_2\" class=\"wpforms-field-medium wpforms-field-required\" name=\"wpforms[fields][2]\" spellcheck=\"false\" aria-errormessage=\"wpforms-1098-field_2-error\" required><\/div><div id=\"wpforms-1098-field_3-container\" class=\"wpforms-field wpforms-field-textarea\" data-field-id=\"3\"><label class=\"wpforms-field-label\" for=\"wpforms-1098-field_3\">Comentario o mensaje<\/label><textarea id=\"wpforms-1098-field_3\" class=\"wpforms-field-medium\" name=\"wpforms[fields][3]\" aria-errormessage=\"wpforms-1098-field_3-error\" ><\/textarea><\/div><div id=\"wpforms-1098-field_6-container\" class=\"wpforms-field wpforms-field-checkbox\" data-field-id=\"6\"><fieldset><legend class=\"wpforms-field-label\"> <span class=\"wpforms-required-label\" aria-hidden=\"true\">*<\/span><\/legend><ul id=\"wpforms-1098-field_6\" class=\"wpforms-field-required\"><li class=\"choice-1 depth-1\"><input type=\"checkbox\" id=\"wpforms-1098-field_6_1\" name=\"wpforms[fields][6][]\" value=\"Acepto la pol\u00edtica de tratamiento de datos\" aria-errormessage=\"wpforms-1098-field_6_1-error\" required ><label class=\"wpforms-field-label-inline\" for=\"wpforms-1098-field_6_1\">Acepto la pol\u00edtica de tratamiento de datos<\/label><\/li><\/ul><\/fieldset><\/div><script>\n\t\t\t\t( function() {\n\t\t\t\t\tconst style = document.createElement( 'style' );\n\t\t\t\t\tstyle.appendChild( document.createTextNode( '#wpforms-1098-field_4-container { position: absolute !important; overflow: hidden !important; display: inline !important; height: 1px !important; width: 1px !important; z-index: -1000 !important; padding: 0 !important; } #wpforms-1098-field_4-container input { visibility: hidden; } #wpforms-conversational-form-page #wpforms-1098-field_4-container label { counter-increment: none; }' ) );\n\t\t\t\t\tdocument.head.appendChild( style );\n\t\t\t\t\tdocument.currentScript?.remove();\n\t\t\t\t} )();\n\t\t\t<\/script><\/div><!-- .wpforms-field-container --><div class=\"wpforms-submit-container\" ><input type=\"hidden\" name=\"wpforms[id]\" value=\"1098\"><input type=\"hidden\" name=\"page_title\" value=\"\"><input type=\"hidden\" name=\"page_url\" value=\"https:\/\/tydee.com.co\/index.php\/wp-json\/wp\/v2\/pages\/1095\"><input type=\"hidden\" name=\"url_referer\" value=\"\"><button type=\"submit\" name=\"wpforms[submit]\" id=\"wpforms-submit-1098\" class=\"wpforms-submit\" data-alt-text=\"Enviando...\" data-submit-text=\"Enviar\" aria-live=\"assertive\" value=\"wpforms-submit\">Enviar<\/button><img decoding=\"async\" src=\"https:\/\/tydee.com.co\/wp-content\/plugins\/wpforms-lite\/assets\/images\/submit-spin.svg\" class=\"wpforms-submit-spinner\" style=\"display: none;\" width=\"26\" height=\"26\" alt=\"Cargando\"><\/div><\/form><\/div>  <!-- .wpforms-container -->\t\t<\/div>\n\t\t\t\t<\/div>\n\t\t\t\t<div class=\"elementor-element elementor-element-5099591 elementor-button-success elementor-align-left elementor-widget elementor-widget-button\" data-id=\"5099591\" data-element_type=\"widget\" data-settings=\"{&quot;_animation&quot;:&quot;none&quot;}\" data-widget_type=\"button.default\">\n\t\t\t\t<div class=\"elementor-widget-container\">\n\t\t\t\t\t<div class=\"elementor-button-wrapper\">\n\t\t\t<a class=\"elementor-button elementor-button-link elementor-size-sm\" href=\"https:\/\/tydee.com.co\/index.php\/politica-de-privacidad\/\">\n\t\t\t\t\t\t<span class=\"elementor-button-content-wrapper\">\n\t\t\t\t\t\t\t\t\t<span class=\"elementor-button-text\">Pol\u00edtica de tratamiento de datos<\/span>\n\t\t\t\t\t<\/span>\n\t\t\t\t\t<\/a>\n\t\t<\/div>\n\t\t\t\t<\/div>\n\t\t\t\t<\/div>\n\t\t\t\t<\/div>\n\t\t\t\t<div class=\"elementor-element elementor-element-a469656 elementor-widget elementor-widget-shortcode\" data-id=\"a469656\" data-element_type=\"widget\" data-widget_type=\"shortcode.default\">\n\t\t\t\t<div class=\"elementor-widget-container\">\n\t\t\t\t\t<div class=\"elementor-shortcode\">            <div class=\"oxi-addons-container noLightbox oxi-image-hover-wrapper-14 \" id=\"oxi-image-hover-wrapper-14\">\n                <div class=\"oxi-addons-row\">\n                                <div class=\"oxi_addons__image_magnifier_column oxi-bt-col-lg-12 oxi-bt-col-md-12 oxi-bt-col-sm-12                         \"> \n                <div class=\"oxi_addons__image_magnifier_style_body oxi__image_height_width\" >\n                    <div class=\"oxi_addons__image_magnifier_style_1 oxi_addons__image_magnifier\" >\n                                                <img decoding=\"async\" class=\"oxi_addons__image   oxi__image_14_0 oxi__image_height_width  0  \" src=\"http:\/\/tydee.com.co\/wp-content\/uploads\/2024\/10\/7S6A9297-scaled.jpg\" alt=\"slider image\"\/>\n                                                <\/div>\n                <\/div>\n                            <\/div>\n                            <\/div>\n            <\/div>\n\t\t\t<\/div>\n\t\t\t\t<\/div>\n\t\t\t\t<\/div>\n\t\t\t\t<\/div>\n\t\t<div class=\"elementor-element elementor-element-7890859 e-flex e-con-boxed e-con e-parent\" data-id=\"7890859\" data-element_type=\"container\">\n\t\t\t\t\t<div class=\"e-con-inner\">\n\t\t\t\t<div class=\"elementor-element elementor-element-0f0bc4a elementor-widget elementor-widget-text-editor\" data-id=\"0f0bc4a\" data-element_type=\"widget\" data-widget_type=\"text-editor.default\">\n\t\t\t\t<div class=\"elementor-widget-container\">\n\t\t\t\t\t\t\t<p>\u00a0<\/p><p>Mi objetivo es brindarte un servicio personalizado, adaptado a tus necesidades espec\u00edficas. Entiendo que el proceso aduanero puede ser complicado y, a menudo, abrumador, especialmente para quienes no est\u00e1n familiarizados con la normativa. Por eso, estoy aqu\u00ed para guiarte en cada paso del camino, asegurando que cumplas con todos los requisitos y evites posibles sanciones o inconvenientes.<\/p><p>Adem\u00e1s, me mantengo actualizada sobre los cambios en la legislaci\u00f3n aduanera y las normativas internacionales, lo que me permite ofrecerte informaci\u00f3n precisa y relevante. La experiencia me ha ense\u00f1ado que cada caso es \u00fanico, por lo que estoy dispuesta a dedicar el tiempo necesario para entender tu situaci\u00f3n y brindarte las mejores soluciones.<\/p><p>No dejes que las complejidades del comercio internacional te detengan. Estoy aqu\u00ed para resolver todas tus inquietudes y facilitar el proceso aduanero, garantizando que puedas concentrarte en lo que realmente importa: el crecimiento de tu negocio. \u00a1Cont\u00e1ctanos y empecemos a trabajar juntos para hacer que tus tr\u00e1mites aduaneros sean m\u00e1s simples y eficientes!<\/p>\t\t\t\t\t\t<\/div>\n\t\t\t\t<\/div>\n\t\t\t\t\t<\/div>\n\t\t\t\t<\/div>\n\t\t\t\t<\/div>\n\t\t","protected":false},"excerpt":{"rendered":"<p>CONT\u00c1CTANOS \u00bfListos para exportar con respaldo legal?Cu\u00e9ntanos Sobre tu empresa o producto y te ayudaremos a identificar los requisitos aduaneros y cambiarios que necesitas cumplir. \u00a0 Por favor, activa JavaScript en tu navegador para completar este formulario.Por favor, activa JavaScript en tu navegador para completar este formulario. Nombre * NombreApellidos Correo electr\u00f3nico *Comentario o mensaje [&hellip;]<\/p>\n","protected":false},"author":3,"featured_media":0,"parent":0,"menu_order":0,"comment_status":"closed","ping_status":"closed","template":"blank","meta":{"footnotes":""},"yoast_head":"<!-- This site is optimized with the Yoast SEO plugin v23.3 - https:\/\/yoast.com\/wordpress\/plugins\/seo\/ -->\n<title>Agenda tu diagn\u00f3stico aduanero gratuito.<\/title>\n<meta name=\"description\" content=\"Conoce el estado de tus procesos de importaci\u00f3n y exportaci\u00f3n y descubre como optimizar tu cumplimiento normativo y tu costos operativos\" \/>\n<meta name=\"robots\" content=\"index, follow, max-snippet:-1, max-image-preview:large, max-video-preview:-1\" \/>\n<link rel=\"canonical\" href=\"https:\/\/tydee.com.co\/index.php\/contacto\/\" \/>\n<meta property=\"og:locale\" content=\"es_ES\" \/>\n<meta property=\"og:type\" content=\"article\" \/>\n<meta property=\"og:title\" content=\"Agenda tu diagn\u00f3stico aduanero gratuito.\" \/>\n<meta property=\"og:description\" content=\"Conoce el estado de tus procesos de importaci\u00f3n y exportaci\u00f3n y descubre como optimizar tu cumplimiento normativo y tu costos operativos\" \/>\n<meta property=\"og:url\" content=\"https:\/\/tydee.com.co\/index.php\/contacto\/\" \/>\n<meta property=\"og:site_name\" content=\"Tr\u00e1mites y Defensa en Exportaci\u00f3n - Servicios legales\" \/>\n<meta property=\"article:modified_time\" content=\"2025-11-04T18:14:51+00:00\" \/>\n<meta property=\"og:image\" content=\"http:\/\/tydee.com.co\/wp-content\/uploads\/2024\/08\/legal-document-150x150.png\" \/>\n<meta name=\"twitter:card\" content=\"summary_large_image\" \/>\n<meta name=\"twitter:label1\" content=\"Tiempo de lectura\" \/>\n\t<meta name=\"twitter:data1\" content=\"2 minutos\" \/>\n<script type=\"application\/ld+json\" class=\"yoast-schema-graph\">{\"@context\":\"https:\/\/schema.org\",\"@graph\":[{\"@type\":\"WebPage\",\"@id\":\"https:\/\/tydee.com.co\/index.php\/contacto\/\",\"url\":\"https:\/\/tydee.com.co\/index.php\/contacto\/\",\"name\":\"Agenda tu diagn\u00f3stico aduanero gratuito.\",\"isPartOf\":{\"@id\":\"https:\/\/tydee.com.co\/#website\"},\"primaryImageOfPage\":{\"@id\":\"https:\/\/tydee.com.co\/index.php\/contacto\/#primaryimage\"},\"image\":{\"@id\":\"https:\/\/tydee.com.co\/index.php\/contacto\/#primaryimage\"},\"thumbnailUrl\":\"http:\/\/tydee.com.co\/wp-content\/uploads\/2024\/08\/legal-document-150x150.png\",\"datePublished\":\"2024-10-01T15:37:26+00:00\",\"dateModified\":\"2025-11-04T18:14:51+00:00\",\"description\":\"Conoce el estado de tus procesos de importaci\u00f3n y exportaci\u00f3n y descubre como optimizar tu cumplimiento normativo y tu costos operativos\",\"breadcrumb\":{\"@id\":\"https:\/\/tydee.com.co\/index.php\/contacto\/#breadcrumb\"},\"inLanguage\":\"es\",\"potentialAction\":[{\"@type\":\"ReadAction\",\"target\":[\"https:\/\/tydee.com.co\/index.php\/contacto\/\"]}]},{\"@type\":\"ImageObject\",\"inLanguage\":\"es\",\"@id\":\"https:\/\/tydee.com.co\/index.php\/contacto\/#primaryimage\",\"url\":\"https:\/\/tydee.com.co\/wp-content\/uploads\/2024\/08\/legal-document.png\",\"contentUrl\":\"https:\/\/tydee.com.co\/wp-content\/uploads\/2024\/08\/legal-document.png\",\"width\":512,\"height\":512},{\"@type\":\"BreadcrumbList\",\"@id\":\"https:\/\/tydee.com.co\/index.php\/contacto\/#breadcrumb\",\"itemListElement\":[{\"@type\":\"ListItem\",\"position\":1,\"name\":\"Portada\",\"item\":\"https:\/\/tydee.com.co\/\"},{\"@type\":\"ListItem\",\"position\":2,\"name\":\"Contacto.\"}]},{\"@type\":\"WebSite\",\"@id\":\"https:\/\/tydee.com.co\/#website\",\"url\":\"https:\/\/tydee.com.co\/\",\"name\":\"Tydee\",\"description\":\"Asesor\u00eda jur\u00eddica especializada para exportadores e importadores que buscan cumplimiento, eficiencia y crecimiento internacional.\",\"publisher\":{\"@id\":\"https:\/\/tydee.com.co\/#organization\"},\"potentialAction\":[{\"@type\":\"SearchAction\",\"target\":{\"@type\":\"EntryPoint\",\"urlTemplate\":\"https:\/\/tydee.com.co\/?s={search_term_string}\"},\"query-input\":\"required name=search_term_string\"}],\"inLanguage\":\"es\"},{\"@type\":\"Organization\",\"@id\":\"https:\/\/tydee.com.co\/#organization\",\"name\":\"Tydee\",\"url\":\"https:\/\/tydee.com.co\/\",\"logo\":{\"@type\":\"ImageObject\",\"inLanguage\":\"es\",\"@id\":\"https:\/\/tydee.com.co\/#\/schema\/logo\/image\/\",\"url\":\"http:\/\/tydee.com.co\/wp-content\/uploads\/2024\/08\/tydeelogo.png\",\"contentUrl\":\"http:\/\/tydee.com.co\/wp-content\/uploads\/2024\/08\/tydeelogo.png\",\"width\":1920,\"height\":1080,\"caption\":\"Tydee\"},\"image\":{\"@id\":\"https:\/\/tydee.com.co\/#\/schema\/logo\/image\/\"}}]}<\/script>\n<!-- \/ Yoast SEO plugin. -->","yoast_head_json":{"title":"Agenda tu diagn\u00f3stico aduanero gratuito.","description":"Conoce el estado de tus procesos de importaci\u00f3n y exportaci\u00f3n y descubre como optimizar tu cumplimiento normativo y tu costos operativos","robots":{"index":"index","follow":"follow","max-snippet":"max-snippet:-1","max-image-preview":"max-image-preview:large","max-video-preview":"max-video-preview:-1"},"canonical":"https:\/\/tydee.com.co\/index.php\/contacto\/","og_locale":"es_ES","og_type":"article","og_title":"Agenda tu diagn\u00f3stico aduanero gratuito.","og_description":"Conoce el estado de tus procesos de importaci\u00f3n y exportaci\u00f3n y descubre como optimizar tu cumplimiento normativo y tu costos operativos","og_url":"https:\/\/tydee.com.co\/index.php\/contacto\/","og_site_name":"Tr\u00e1mites y Defensa en Exportaci\u00f3n - Servicios legales","article_modified_time":"2025-11-04T18:14:51+00:00","og_image":[{"url":"http:\/\/tydee.com.co\/wp-content\/uploads\/2024\/08\/legal-document-150x150.png"}],"twitter_card":"summary_large_image","twitter_misc":{"Tiempo de lectura":"2 minutos"},"schema":{"@context":"https:\/\/schema.org","@graph":[{"@type":"WebPage","@id":"https:\/\/tydee.com.co\/index.php\/contacto\/","url":"https:\/\/tydee.com.co\/index.php\/contacto\/","name":"Agenda tu diagn\u00f3stico aduanero gratuito.","isPartOf":{"@id":"https:\/\/tydee.com.co\/#website"},"primaryImageOfPage":{"@id":"https:\/\/tydee.com.co\/index.php\/contacto\/#primaryimage"},"image":{"@id":"https:\/\/tydee.com.co\/index.php\/contacto\/#primaryimage"},"thumbnailUrl":"http:\/\/tydee.com.co\/wp-content\/uploads\/2024\/08\/legal-document-150x150.png","datePublished":"2024-10-01T15:37:26+00:00","dateModified":"2025-11-04T18:14:51+00:00","description":"Conoce el estado de tus procesos de importaci\u00f3n y exportaci\u00f3n y descubre como optimizar tu cumplimiento normativo y tu costos operativos","breadcrumb":{"@id":"https:\/\/tydee.com.co\/index.php\/contacto\/#breadcrumb"},"inLanguage":"es","potentialAction":[{"@type":"ReadAction","target":["https:\/\/tydee.com.co\/index.php\/contacto\/"]}]},{"@type":"ImageObject","inLanguage":"es","@id":"https:\/\/tydee.com.co\/index.php\/contacto\/#primaryimage","url":"https:\/\/tydee.com.co\/wp-content\/uploads\/2024\/08\/legal-document.png","contentUrl":"https:\/\/tydee.com.co\/wp-content\/uploads\/2024\/08\/legal-document.png","width":512,"height":512},{"@type":"BreadcrumbList","@id":"https:\/\/tydee.com.co\/index.php\/contacto\/#breadcrumb","itemListElement":[{"@type":"ListItem","position":1,"name":"Portada","item":"https:\/\/tydee.com.co\/"},{"@type":"ListItem","position":2,"name":"Contacto."}]},{"@type":"WebSite","@id":"https:\/\/tydee.com.co\/#website","url":"https:\/\/tydee.com.co\/","name":"Tydee","description":"Asesor\u00eda jur\u00eddica especializada para exportadores e importadores que buscan cumplimiento, eficiencia y crecimiento internacional.","publisher":{"@id":"https:\/\/tydee.com.co\/#organization"},"potentialAction":[{"@type":"SearchAction","target":{"@type":"EntryPoint","urlTemplate":"https:\/\/tydee.com.co\/?s={search_term_string}"},"query-input":"required name=search_term_string"}],"inLanguage":"es"},{"@type":"Organization","@id":"https:\/\/tydee.com.co\/#organization","name":"Tydee","url":"https:\/\/tydee.com.co\/","logo":{"@type":"ImageObject","inLanguage":"es","@id":"https:\/\/tydee.com.co\/#\/schema\/logo\/image\/","url":"http:\/\/tydee.com.co\/wp-content\/uploads\/2024\/08\/tydeelogo.png","contentUrl":"http:\/\/tydee.com.co\/wp-content\/uploads\/2024\/08\/tydeelogo.png","width":1920,"height":1080,"caption":"Tydee"},"image":{"@id":"https:\/\/tydee.com.co\/#\/schema\/logo\/image\/"}}]}},"jetpack_sharing_enabled":true,"_links":{"self":[{"href":"https:\/\/tydee.com.co\/index.php\/wp-json\/wp\/v2\/pages\/1095"}],"collection":[{"href":"https:\/\/tydee.com.co\/index.php\/wp-json\/wp\/v2\/pages"}],"about":[{"href":"https:\/\/tydee.com.co\/index.php\/wp-json\/wp\/v2\/types\/page"}],"author":[{"embeddable":true,"href":"https:\/\/tydee.com.co\/index.php\/wp-json\/wp\/v2\/users\/3"}],"replies":[{"embeddable":true,"href":"https:\/\/tydee.com.co\/index.php\/wp-json\/wp\/v2\/comments?post=1095"}],"version-history":[{"count":132,"href":"https:\/\/tydee.com.co\/index.php\/wp-json\/wp\/v2\/pages\/1095\/revisions"}],"predecessor-version":[{"id":2019,"href":"https:\/\/tydee.com.co\/index.php\/wp-json\/wp\/v2\/pages\/1095\/revisions\/2019"}],"wp:attachment":[{"href":"https:\/\/tydee.com.co\/index.php\/wp-json\/wp\/v2\/media?parent=1095"}],"curies":[{"name":"wp","href":"https:\/\/api.w.org\/{rel}","templated":true}]}}