{"id":586,"date":"2024-09-06T14:02:27","date_gmt":"2024-09-06T14:02:27","guid":{"rendered":"https:\/\/tydee.com.co\/?page_id=586"},"modified":"2025-11-04T17:20:02","modified_gmt":"2025-11-04T17:20:02","slug":"nuestro-equipo","status":"publish","type":"page","link":"https:\/\/tydee.com.co\/index.php\/nuestro-equipo\/","title":{"rendered":"quienes-somos"},"content":{"rendered":"\t\t<div data-elementor-type=\"wp-page\" data-elementor-id=\"586\" class=\"elementor elementor-586\">\n\t\t\t\t<div class=\"elementor-element elementor-element-e7020cc e-flex e-con-boxed e-con e-parent\" data-id=\"e7020cc\" data-element_type=\"container\">\n\t\t\t\t\t<div class=\"e-con-inner\">\n\t\t\t\t<div class=\"elementor-element elementor-element-55664d9 elementor-widget elementor-widget-heading\" data-id=\"55664d9\" data-element_type=\"widget\" data-widget_type=\"heading.default\">\n\t\t\t\t<div class=\"elementor-widget-container\">\n\t\t\t<h1 class=\"elementor-heading-title elementor-size-default\">NUESTRO EQUIPO<\/h1>\t\t<\/div>\n\t\t\t\t<\/div>\n\t\t\t\t\t<\/div>\n\t\t\t\t<\/div>\n\t\t<div class=\"elementor-element elementor-element-7916c41 e-flex e-con-boxed e-con e-parent\" data-id=\"7916c41\" data-element_type=\"container\">\n\t\t\t\t\t<div class=\"e-con-inner\">\n\t\t\t\t<div class=\"elementor-element elementor-element-f44aabf elementor-widget elementor-widget-text-editor\" data-id=\"f44aabf\" data-element_type=\"widget\" data-widget_type=\"text-editor.default\">\n\t\t\t\t<div class=\"elementor-widget-container\">\n\t\t\t\t\t\t\t<p><b>Soy la Doctora Hilda Zuluaga, abogada especialista en legislaci\u00f3n aduanera y comercio internacional.<\/b><\/p>\t\t\t\t\t\t<\/div>\n\t\t\t\t<\/div>\n\t\t\t\t\t<\/div>\n\t\t\t\t<\/div>\n\t\t<div class=\"elementor-element elementor-element-01536c4 e-flex e-con-boxed e-con e-parent\" data-id=\"01536c4\" data-element_type=\"container\" data-settings=\"{&quot;background_background&quot;:&quot;classic&quot;}\">\n\t\t\t\t\t<div class=\"e-con-inner\">\n\t\t<div class=\"elementor-element elementor-element-c03b0fd e-con-full e-flex e-con e-child\" data-id=\"c03b0fd\" data-element_type=\"container\">\n\t\t\t\t<div class=\"elementor-element elementor-element-4d388cb elementor-widget__width-inherit elementor-widget elementor-widget-shortcode\" data-id=\"4d388cb\" data-element_type=\"widget\" data-widget_type=\"shortcode.default\">\n\t\t\t\t<div class=\"elementor-widget-container\">\n\t\t\t\t\t<div class=\"elementor-shortcode\">            <div class=\"oxi-addons-container noLightbox oxi-image-hover-wrapper-6 \" id=\"oxi-image-hover-wrapper-6\">\n                <div class=\"oxi-addons-row\">\n                                <div class=\"oxi-image-hover-style oxi-bt-col-lg-12 oxi-bt-col-md-12 oxi-bt-col-sm-12                         \" >\n                <div class=\"oxi-image-hover-style-caption\">\n                    <div class=\"oxi-image-hover oxi-image-caption-hover oxi-image-caption-hover-style-4 oxi-image-border-reveal-cc-1\">\n                                                    <div class=\"oxi-image-hover-figure\">\n                                <div class=\"oxi-image-hover-image\">\n                                    <img decoding=\"async\" src=\"http:\/\/tydee.com.co\/wp-content\/uploads\/2024\/10\/7S6A9290-1.jpg\" >\n                                <\/div>\n                                <div class=\"oxi-image-hover-figure-caption\">\n                                    <div class=\"oxi-image-hover-caption-tab image-hover-align-center-center\">\n                                                                                    <h3 class=\"oxi-image-hover-heading iheu-fade-left \">Hilda Zuluaga<\/h3>\n                                                                                        <div class=\"oxi-image-hover-content iheu-fade-right \">Conoce M\u00ed Curiculum<\/div>\n                                                                                        <div class=\"oxi-image-hover-button iheu-fade-up \">\n                                                <a  href=\"https:\/\/1drv.ms\/b\/s!Avt2DrAiGAjNgZsujVrarlZRmgmtNg?e=qWmWCj\" class=\"oxi-image-btn\">Curriculum<\/a>\n                                            <\/div>\n                                                                                <\/div>\n                                <\/div>\n                            <\/div>\n                                                <\/div>\n                <\/div> \n                            <\/div>\n                            <\/div>\n            <\/div>\n\t\t\t\n<\/div>\n\t\t\t\t<\/div>\n\t\t\t\t<\/div>\n\t\t\t\t<\/div>\n\t\t<div class=\"elementor-element elementor-element-46f1a90 e-con-full e-flex e-con e-child\" data-id=\"46f1a90\" data-element_type=\"container\">\n\t\t\t\t<div class=\"elementor-element elementor-element-c77c771 elementor-widget elementor-widget-text-editor\" data-id=\"c77c771\" data-element_type=\"widget\" data-widget_type=\"text-editor.default\">\n\t\t\t\t<div class=\"elementor-widget-container\">\n\t\t\t\t\t\t\t<p>Dra. Hilda Zuluaga<\/p><p>Mi prop\u00f3sito es que las empresas de sector agroindustrial colombiano puedan exportar con seguridad jur\u00eddica, aprovechando al m\u00e1ximo los beneficios que ofrece la normativa aduanera.<br \/>He acompa\u00f1ado a productores, asociaciones\u00a0 y empresas a estructurar operaciones internacionales seguras, reduciendo riesgos y fortaleciendo su competitividad global.<br \/>Donde hay productos de calidad, debe haber cumplimiento y estrategia legal para llegar m\u00e1s lejos.<\/p>\t\t\t\t\t\t<\/div>\n\t\t\t\t<\/div>\n\t\t\t\t<\/div>\n\t\t\t\t\t<\/div>\n\t\t\t\t<\/div>\n\t\t<div class=\"elementor-element elementor-element-3d7e334 e-flex e-con-boxed e-con e-parent\" data-id=\"3d7e334\" data-element_type=\"container\">\n\t\t\t\t\t<div class=\"e-con-inner\">\n\t\t\t\t<div class=\"elementor-element elementor-element-df79717 elementor-widget elementor-widget-heading\" data-id=\"df79717\" data-element_type=\"widget\" data-widget_type=\"heading.default\">\n\t\t\t\t<div class=\"elementor-widget-container\">\n\t\t\t<h2 class=\"elementor-heading-title elementor-size-default\">NUESTRO EQUIPO DE AUXILIARES JUDICIALES<\/h2>\t\t<\/div>\n\t\t\t\t<\/div>\n\t\t\t\t<div class=\"elementor-element elementor-element-c03c090 elementor-widget-divider--view-line elementor-widget elementor-widget-divider\" data-id=\"c03c090\" data-element_type=\"widget\" data-widget_type=\"divider.default\">\n\t\t\t\t<div class=\"elementor-widget-container\">\n\t\t\t\t\t<div class=\"elementor-divider\">\n\t\t\t<span class=\"elementor-divider-separator\">\n\t\t\t\t\t\t<\/span>\n\t\t<\/div>\n\t\t\t\t<\/div>\n\t\t\t\t<\/div>\n\t\t\t\t\t<\/div>\n\t\t\t\t<\/div>\n\t\t<div class=\"elementor-element elementor-element-59a94eb e-flex e-con-boxed e-con e-parent\" data-id=\"59a94eb\" data-element_type=\"container\">\n\t\t\t\t\t<div class=\"e-con-inner\">\n\t\t<div class=\"elementor-element elementor-element-a9373cb e-con-full e-flex e-con e-child\" data-id=\"a9373cb\" data-element_type=\"container\">\n\t\t\t\t<div class=\"elementor-element elementor-element-a59d210 elementor-widget elementor-widget-image\" data-id=\"a59d210\" data-element_type=\"widget\" data-widget_type=\"image.default\">\n\t\t\t\t<div class=\"elementor-widget-container\">\n\t\t\t\t\t\t\t\t\t\t\t\t\t<img fetchpriority=\"high\" decoding=\"async\" width=\"683\" height=\"1024\" src=\"https:\/\/tydee.com.co\/wp-content\/uploads\/2024\/10\/7S6A9318-683x1024.jpg\" class=\"attachment-large size-large wp-image-1386\" alt=\"\" srcset=\"https:\/\/tydee.com.co\/wp-content\/uploads\/2024\/10\/7S6A9318-683x1024.jpg 683w, https:\/\/tydee.com.co\/wp-content\/uploads\/2024\/10\/7S6A9318-200x300.jpg 200w, https:\/\/tydee.com.co\/wp-content\/uploads\/2024\/10\/7S6A9318-768x1152.jpg 768w, https:\/\/tydee.com.co\/wp-content\/uploads\/2024\/10\/7S6A9318-1024x1536.jpg 1024w, https:\/\/tydee.com.co\/wp-content\/uploads\/2024\/10\/7S6A9318-1365x2048.jpg 1365w, https:\/\/tydee.com.co\/wp-content\/uploads\/2024\/10\/7S6A9318-scaled.jpg 1707w\" sizes=\"(max-width: 683px) 100vw, 683px\" \/>\t\t\t\t\t\t\t\t\t\t\t\t\t<\/div>\n\t\t\t\t<\/div>\n\t\t\t\t<div class=\"elementor-element elementor-element-638a95e elementor-widget__width-inherit elementor-widget elementor-widget-heading\" data-id=\"638a95e\" data-element_type=\"widget\" data-widget_type=\"heading.default\">\n\t\t\t\t<div class=\"elementor-widget-container\">\n\t\t\t<h2 class=\"elementor-heading-title elementor-size-default\">Katerin  moreno<\/h2>\t\t<\/div>\n\t\t\t\t<\/div>\n\t\t\t\t<\/div>\n\t\t<div class=\"elementor-element elementor-element-446a796 e-con-full e-flex e-con e-child\" data-id=\"446a796\" data-element_type=\"container\">\n\t\t\t\t<div class=\"elementor-element elementor-element-3639b45 elementor-widget elementor-widget-image\" data-id=\"3639b45\" data-element_type=\"widget\" data-widget_type=\"image.default\">\n\t\t\t\t<div class=\"elementor-widget-container\">\n\t\t\t\t\t\t\t\t\t\t\t\t\t<img decoding=\"async\" width=\"683\" height=\"1024\" src=\"https:\/\/tydee.com.co\/wp-content\/uploads\/2024\/10\/7S6A9324-683x1024.jpg\" class=\"attachment-large size-large wp-image-1387\" alt=\"\" srcset=\"https:\/\/tydee.com.co\/wp-content\/uploads\/2024\/10\/7S6A9324-683x1024.jpg 683w, https:\/\/tydee.com.co\/wp-content\/uploads\/2024\/10\/7S6A9324-200x300.jpg 200w, https:\/\/tydee.com.co\/wp-content\/uploads\/2024\/10\/7S6A9324-768x1152.jpg 768w, https:\/\/tydee.com.co\/wp-content\/uploads\/2024\/10\/7S6A9324-1024x1536.jpg 1024w, https:\/\/tydee.com.co\/wp-content\/uploads\/2024\/10\/7S6A9324-1365x2048.jpg 1365w, https:\/\/tydee.com.co\/wp-content\/uploads\/2024\/10\/7S6A9324-scaled.jpg 1707w\" sizes=\"(max-width: 683px) 100vw, 683px\" \/>\t\t\t\t\t\t\t\t\t\t\t\t\t<\/div>\n\t\t\t\t<\/div>\n\t\t\t\t<div class=\"elementor-element elementor-element-6740fdc elementor-widget__width-inherit elementor-widget elementor-widget-heading\" data-id=\"6740fdc\" data-element_type=\"widget\" data-widget_type=\"heading.default\">\n\t\t\t\t<div class=\"elementor-widget-container\">\n\t\t\t<h2 class=\"elementor-heading-title elementor-size-default\">veronica salazar<\/h2>\t\t<\/div>\n\t\t\t\t<\/div>\n\t\t\t\t<\/div>\n\t\t\t\t\t<\/div>\n\t\t\t\t<\/div>\n\t\t<div class=\"elementor-element elementor-element-3b16976 e-flex e-con-boxed e-con e-parent\" data-id=\"3b16976\" data-element_type=\"container\">\n\t\t\t\t\t<div class=\"e-con-inner\">\n\t\t\t\t<div class=\"elementor-element elementor-element-7a77ddc elementor-widget elementor-widget-text-editor\" data-id=\"7a77ddc\" data-element_type=\"widget\" data-widget_type=\"text-editor.default\">\n\t\t\t\t<div class=\"elementor-widget-container\">\n\t\t\t\t\t\t\t<p>Contamos con un equipo de profesionales en derecho aduanero, comprometidos y apasionados por ofrecer eficacia y acompa\u00f1amiento legal en los procesos de importaci\u00f3n y exportaci\u00f3n de nuestros clientes. <strong>Nuestro equipo<\/strong> est\u00e1 compuesto por expertos con una s\u00f3lida formaci\u00f3n y experiencia en el \u00e1mbito aduanero, lo que les permite brindar un servicio integral y adaptado a las necesidades espec\u00edficas de cada cliente.<\/p><p>Adem\u00e1s, entendemos que el comercio internacional puede ser complejo y desafiante. Por eso, <strong>nuestro equipo<\/strong> se dedica a facilitar el cumplimiento de las normativas y regulaciones vigentes, asegurando que cada operaci\u00f3n se realice de manera fluida y eficiente. Esto no solo minimiza riesgos, sino que tambi\u00e9n optimiza los tiempos y costos asociados.<\/p><p><strong>Nuestro equipo<\/strong> trabaja estrechamente con los clientes, proporcionando asesoramiento legal en cada etapa del proceso aduanero. Desde la clasificaci\u00f3n arancelaria hasta la gesti\u00f3n de tr\u00e1mites y la resoluci\u00f3n de conflictos, estamos aqu\u00ed para asegurar que cada transacci\u00f3n se realice sin contratiempos..<\/p><p>En resumen, la pasi\u00f3n y el compromiso de <strong>nuestro equipo<\/strong> garantizan un acompa\u00f1amiento legal de alta calidad en los procesos de importaci\u00f3n y exportaci\u00f3n. Si buscas un socio estrat\u00e9gico en el \u00e1mbito aduanero, no dudes en contactarnos para obtener m\u00e1s informaci\u00f3n sobre c\u00f3mo podemos ayudarte a alcanzar tus objetivos comerciales.<\/p>\t\t\t\t\t\t<\/div>\n\t\t\t\t<\/div>\n\t\t\t\t\t<\/div>\n\t\t\t\t<\/div>\n\t\t\t\t<\/div>\n\t\t","protected":false},"excerpt":{"rendered":"<p>NUESTRO EQUIPO Soy la Doctora Hilda Zuluaga, abogada especialista en legislaci\u00f3n aduanera y comercio internacional. Dra. Hilda Zuluaga Mi prop\u00f3sito es que las empresas de sector agroindustrial colombiano puedan exportar con seguridad jur\u00eddica, aprovechando al m\u00e1ximo los beneficios que ofrece la normativa aduanera.He acompa\u00f1ado a productores, asociaciones\u00a0 y empresas a estructurar operaciones internacionales seguras, reduciendo [&hellip;]<\/p>\n","protected":false},"author":3,"featured_media":0,"parent":0,"menu_order":0,"comment_status":"closed","ping_status":"closed","template":"wp-custom-template-dra-hilda-zuluaga","meta":{"footnotes":""},"yoast_head":"<!-- This site is optimized with the Yoast SEO plugin v23.3 - https:\/\/yoast.com\/wordpress\/plugins\/seo\/ -->\n<title>Nuestro equipo de profesionales<\/title>\n<meta name=\"description\" content=\"Contamos con un equipo de profesionales actos para brindarte ayuda en el complejo entorno del comercio internacional.\" \/>\n<meta name=\"robots\" content=\"index, follow, max-snippet:-1, max-image-preview:large, max-video-preview:-1\" \/>\n<link rel=\"canonical\" href=\"https:\/\/tydee.com.co\/index.php\/nuestro-equipo\/\" \/>\n<meta property=\"og:locale\" content=\"es_ES\" \/>\n<meta property=\"og:type\" content=\"article\" \/>\n<meta property=\"og:title\" content=\"Nuestro equipo de profesionales\" \/>\n<meta property=\"og:description\" content=\"Contamos con un equipo de profesionales actos para brindarte ayuda en el complejo entorno del comercio internacional.\" \/>\n<meta property=\"og:url\" content=\"https:\/\/tydee.com.co\/index.php\/nuestro-equipo\/\" \/>\n<meta property=\"og:site_name\" content=\"Tr\u00e1mites y Defensa en Exportaci\u00f3n - Servicios legales\" \/>\n<meta property=\"article:modified_time\" content=\"2025-11-04T17:20:02+00:00\" \/>\n<meta property=\"og:image\" content=\"http:\/\/tydee.com.co\/wp-content\/uploads\/2024\/10\/7S6A9318-683x1024.jpg\" \/>\n<meta name=\"twitter:card\" content=\"summary_large_image\" \/>\n<meta name=\"twitter:label1\" content=\"Tiempo de lectura\" \/>\n\t<meta name=\"twitter:data1\" content=\"2 minutos\" \/>\n<script type=\"application\/ld+json\" class=\"yoast-schema-graph\">{\"@context\":\"https:\/\/schema.org\",\"@graph\":[{\"@type\":\"WebPage\",\"@id\":\"https:\/\/tydee.com.co\/index.php\/nuestro-equipo\/\",\"url\":\"https:\/\/tydee.com.co\/index.php\/nuestro-equipo\/\",\"name\":\"Nuestro equipo de profesionales\",\"isPartOf\":{\"@id\":\"https:\/\/tydee.com.co\/#website\"},\"primaryImageOfPage\":{\"@id\":\"https:\/\/tydee.com.co\/index.php\/nuestro-equipo\/#primaryimage\"},\"image\":{\"@id\":\"https:\/\/tydee.com.co\/index.php\/nuestro-equipo\/#primaryimage\"},\"thumbnailUrl\":\"http:\/\/tydee.com.co\/wp-content\/uploads\/2024\/10\/7S6A9318-683x1024.jpg\",\"datePublished\":\"2024-09-06T14:02:27+00:00\",\"dateModified\":\"2025-11-04T17:20:02+00:00\",\"description\":\"Contamos con un equipo de profesionales actos para brindarte ayuda en el complejo entorno del comercio internacional.\",\"breadcrumb\":{\"@id\":\"https:\/\/tydee.com.co\/index.php\/nuestro-equipo\/#breadcrumb\"},\"inLanguage\":\"es\",\"potentialAction\":[{\"@type\":\"ReadAction\",\"target\":[\"https:\/\/tydee.com.co\/index.php\/nuestro-equipo\/\"]}]},{\"@type\":\"ImageObject\",\"inLanguage\":\"es\",\"@id\":\"https:\/\/tydee.com.co\/index.php\/nuestro-equipo\/#primaryimage\",\"url\":\"http:\/\/tydee.com.co\/wp-content\/uploads\/2024\/10\/7S6A9318-683x1024.jpg\",\"contentUrl\":\"http:\/\/tydee.com.co\/wp-content\/uploads\/2024\/10\/7S6A9318-683x1024.jpg\"},{\"@type\":\"BreadcrumbList\",\"@id\":\"https:\/\/tydee.com.co\/index.php\/nuestro-equipo\/#breadcrumb\",\"itemListElement\":[{\"@type\":\"ListItem\",\"position\":1,\"name\":\"Portada\",\"item\":\"https:\/\/tydee.com.co\/\"},{\"@type\":\"ListItem\",\"position\":2,\"name\":\"quienes-somos\"}]},{\"@type\":\"WebSite\",\"@id\":\"https:\/\/tydee.com.co\/#website\",\"url\":\"https:\/\/tydee.com.co\/\",\"name\":\"Tydee\",\"description\":\"Asesor\u00eda jur\u00eddica especializada para exportadores e importadores que buscan cumplimiento, eficiencia y crecimiento internacional.\",\"publisher\":{\"@id\":\"https:\/\/tydee.com.co\/#organization\"},\"potentialAction\":[{\"@type\":\"SearchAction\",\"target\":{\"@type\":\"EntryPoint\",\"urlTemplate\":\"https:\/\/tydee.com.co\/?s={search_term_string}\"},\"query-input\":\"required name=search_term_string\"}],\"inLanguage\":\"es\"},{\"@type\":\"Organization\",\"@id\":\"https:\/\/tydee.com.co\/#organization\",\"name\":\"Tydee\",\"url\":\"https:\/\/tydee.com.co\/\",\"logo\":{\"@type\":\"ImageObject\",\"inLanguage\":\"es\",\"@id\":\"https:\/\/tydee.com.co\/#\/schema\/logo\/image\/\",\"url\":\"http:\/\/tydee.com.co\/wp-content\/uploads\/2024\/08\/tydeelogo.png\",\"contentUrl\":\"http:\/\/tydee.com.co\/wp-content\/uploads\/2024\/08\/tydeelogo.png\",\"width\":1920,\"height\":1080,\"caption\":\"Tydee\"},\"image\":{\"@id\":\"https:\/\/tydee.com.co\/#\/schema\/logo\/image\/\"}}]}<\/script>\n<!-- \/ Yoast SEO plugin. -->","yoast_head_json":{"title":"Nuestro equipo de profesionales","description":"Contamos con un equipo de profesionales actos para brindarte ayuda en el complejo entorno del comercio internacional.","robots":{"index":"index","follow":"follow","max-snippet":"max-snippet:-1","max-image-preview":"max-image-preview:large","max-video-preview":"max-video-preview:-1"},"canonical":"https:\/\/tydee.com.co\/index.php\/nuestro-equipo\/","og_locale":"es_ES","og_type":"article","og_title":"Nuestro equipo de profesionales","og_description":"Contamos con un equipo de profesionales actos para brindarte ayuda en el complejo entorno del comercio internacional.","og_url":"https:\/\/tydee.com.co\/index.php\/nuestro-equipo\/","og_site_name":"Tr\u00e1mites y Defensa en Exportaci\u00f3n - Servicios legales","article_modified_time":"2025-11-04T17:20:02+00:00","og_image":[{"url":"http:\/\/tydee.com.co\/wp-content\/uploads\/2024\/10\/7S6A9318-683x1024.jpg"}],"twitter_card":"summary_large_image","twitter_misc":{"Tiempo de lectura":"2 minutos"},"schema":{"@context":"https:\/\/schema.org","@graph":[{"@type":"WebPage","@id":"https:\/\/tydee.com.co\/index.php\/nuestro-equipo\/","url":"https:\/\/tydee.com.co\/index.php\/nuestro-equipo\/","name":"Nuestro equipo de profesionales","isPartOf":{"@id":"https:\/\/tydee.com.co\/#website"},"primaryImageOfPage":{"@id":"https:\/\/tydee.com.co\/index.php\/nuestro-equipo\/#primaryimage"},"image":{"@id":"https:\/\/tydee.com.co\/index.php\/nuestro-equipo\/#primaryimage"},"thumbnailUrl":"http:\/\/tydee.com.co\/wp-content\/uploads\/2024\/10\/7S6A9318-683x1024.jpg","datePublished":"2024-09-06T14:02:27+00:00","dateModified":"2025-11-04T17:20:02+00:00","description":"Contamos con un equipo de profesionales actos para brindarte ayuda en el complejo entorno del comercio internacional.","breadcrumb":{"@id":"https:\/\/tydee.com.co\/index.php\/nuestro-equipo\/#breadcrumb"},"inLanguage":"es","potentialAction":[{"@type":"ReadAction","target":["https:\/\/tydee.com.co\/index.php\/nuestro-equipo\/"]}]},{"@type":"ImageObject","inLanguage":"es","@id":"https:\/\/tydee.com.co\/index.php\/nuestro-equipo\/#primaryimage","url":"http:\/\/tydee.com.co\/wp-content\/uploads\/2024\/10\/7S6A9318-683x1024.jpg","contentUrl":"http:\/\/tydee.com.co\/wp-content\/uploads\/2024\/10\/7S6A9318-683x1024.jpg"},{"@type":"BreadcrumbList","@id":"https:\/\/tydee.com.co\/index.php\/nuestro-equipo\/#breadcrumb","itemListElement":[{"@type":"ListItem","position":1,"name":"Portada","item":"https:\/\/tydee.com.co\/"},{"@type":"ListItem","position":2,"name":"quienes-somos"}]},{"@type":"WebSite","@id":"https:\/\/tydee.com.co\/#website","url":"https:\/\/tydee.com.co\/","name":"Tydee","description":"Asesor\u00eda jur\u00eddica especializada para exportadores e importadores que buscan cumplimiento, eficiencia y crecimiento internacional.","publisher":{"@id":"https:\/\/tydee.com.co\/#organization"},"potentialAction":[{"@type":"SearchAction","target":{"@type":"EntryPoint","urlTemplate":"https:\/\/tydee.com.co\/?s={search_term_string}"},"query-input":"required name=search_term_string"}],"inLanguage":"es"},{"@type":"Organization","@id":"https:\/\/tydee.com.co\/#organization","name":"Tydee","url":"https:\/\/tydee.com.co\/","logo":{"@type":"ImageObject","inLanguage":"es","@id":"https:\/\/tydee.com.co\/#\/schema\/logo\/image\/","url":"http:\/\/tydee.com.co\/wp-content\/uploads\/2024\/08\/tydeelogo.png","contentUrl":"http:\/\/tydee.com.co\/wp-content\/uploads\/2024\/08\/tydeelogo.png","width":1920,"height":1080,"caption":"Tydee"},"image":{"@id":"https:\/\/tydee.com.co\/#\/schema\/logo\/image\/"}}]}},"jetpack_sharing_enabled":true,"_links":{"self":[{"href":"https:\/\/tydee.com.co\/index.php\/wp-json\/wp\/v2\/pages\/586"}],"collection":[{"href":"https:\/\/tydee.com.co\/index.php\/wp-json\/wp\/v2\/pages"}],"about":[{"href":"https:\/\/tydee.com.co\/index.php\/wp-json\/wp\/v2\/types\/page"}],"author":[{"embeddable":true,"href":"https:\/\/tydee.com.co\/index.php\/wp-json\/wp\/v2\/users\/3"}],"replies":[{"embeddable":true,"href":"https:\/\/tydee.com.co\/index.php\/wp-json\/wp\/v2\/comments?post=586"}],"version-history":[{"count":145,"href":"https:\/\/tydee.com.co\/index.php\/wp-json\/wp\/v2\/pages\/586\/revisions"}],"predecessor-version":[{"id":1996,"href":"https:\/\/tydee.com.co\/index.php\/wp-json\/wp\/v2\/pages\/586\/revisions\/1996"}],"wp:attachment":[{"href":"https:\/\/tydee.com.co\/index.php\/wp-json\/wp\/v2\/media?parent=586"}],"curies":[{"name":"wp","href":"https:\/\/api.w.org\/{rel}","templated":true}]}}